{"id":1550,"date":"2018-02-25T19:09:33","date_gmt":"2018-02-25T18:09:33","guid":{"rendered":"http:\/\/www.levinuet.nu\/?page_id=1550"},"modified":"2024-10-12T07:25:00","modified_gmt":"2024-10-12T07:25:00","slug":"livets-utveckling","status":"publish","type":"page","link":"http:\/\/tronestam.nu\/levinuet\/livets-utveckling\/","title":{"rendered":"Livets utveckling"},"content":{"rendered":"\n<p>Som ni s\u00e4kert har l\u00e4st och f\u00f6rst\u00e5tt genom de tidigare sidor jag skrivit, har en del av mitt liv varit relativt sm\u00e4rtsamt och sv\u00e5rt. Jag har valt att vara relativt \u00f6ppen\/transparent\/s\u00e5rbar n\u00e4r jag f\u00f6rs\u00f6kt s\u00e4tta ord p\u00e5 mina livsh\u00e4ndelser. M\u00e5nga \u00e4r de negativa effekterna. M\u00e5nga \u00e4r de sv\u00e5ra stunderna. Sv\u00e5rt har det varit f\u00f6r mig att formulera en livsber\u00e4ttelse. Jag skulle \u00f6nska att Rasmus fick vara hos mig, jag med honom. Men det \u00e4r inte s\u00e5. Han dog den 29:e april 1998.<\/p>\n\n\n\n<p>Denna sv\u00e5ra och i mycket traumatiska upplevelse har format mig, precis som andra sv\u00e5ra h\u00e4ndelser har format mig. Denna livsupplevelse tillsammans med resten av mina sv\u00e5ra, men \u00e4ven positiva och vanliga livsupplevelser har gjort mig till den jag \u00e4r, gjort mig just s\u00e5 stark jag \u00e4r.<\/p>\n\n\n\n<p>Mitt i s\u00e5rbarheten och k\u00e4nslan av att vara svag, finns en styrka. Jag har valt att f\u00f6rst \u00f6verleva f\u00f6r att numera snarare leva livet i ljuset av mina upplevelser. N\u00e4r jag k\u00e4nner mig svag, kan jag se tillbaka p\u00e5 allt jag upplevt och inse att det \u00e4r okej att k\u00e4nna sig svag h\u00e4r och nu. Det ordnar sig, det l\u00f6ser sig om jag \u00e4r h\u00e4r och nu i livet, en stund i taget.<\/p>\n\n\n\n<p>Att f\u00f6rlora ett barn, n\u00e4r ens barn d\u00f6r &#8211; det finns inga ord som kan beskriva det. Ordet acceptans &#8211; \u00e4r sv\u00e5rt i detta sammanhang &#8211; jag \u00f6nskar att Rasmus hade varit kvar, att han aldrig hade d\u00f6tt. Vare sig jag accepterar hans d\u00f6d eller inte, s\u00e5 \u00e4r han d\u00f6d. Om jag inte accepterar hans d\u00f6d, finns ett motst\u00e5nd inom, som ger \u00e5ngest, utmattning, nedst\u00e4mdhet. Om jag accepterar att han dog, accepterar att jag saknar honom, att jag ibland till och med kan l\u00e4ngta efter honom s\u00e5 \u00e4r det tecken p\u00e5 den k\u00e4rlek en mor har f\u00f6r sitt barn. Jag kan ha stunder av ledsamhet, jag kan ha stunder av \u00e5ngest, av energil\u00f6shet.<\/p>\n\n\n\n<p>Acceptansen g\u00f6r att jag inte &#8221;sl\u00f6sar&#8221; v\u00e4lbeh\u00f6vlig energi som jag beh\u00f6ver f\u00f6r att orka med livet.<br>Det \u00e4r 26 \u00e5r sedan (not: 2024). Det har allts\u00e5 gradvis under dessa 26 \u00e5r utvecklats till en viss acceptans f\u00f6r att fr\u00e5gan varf\u00f6r inte f\u00e5r ett svar, att sorgen finns d\u00e4r, att Rasmus \u00e4r d\u00f6d, att det ibland g\u00f6r ont, men \u00e4ven att mitt liv tillsammans med min familj p\u00e5 olika plan g\u00e5r vidare och vi \u00e4r v\u00e4rda att livet g\u00e5r fram\u00e5t i en utveckling.<\/p>\n","protected":false},"excerpt":{"rendered":"<p>Som ni s\u00e4kert har l\u00e4st och f\u00f6rst\u00e5tt genom de tidigare sidor jag skrivit, har en del av mitt liv varit relativt sm\u00e4rtsamt och sv\u00e5rt. Jag har valt att vara relativt \u00f6ppen\/transparent\/s\u00e5rbar n\u00e4r jag f\u00f6rs\u00f6kt s\u00e4tta ord p\u00e5 mina livsh\u00e4ndelser. M\u00e5nga \u00e4r de negativa effekterna. M\u00e5nga \u00e4r de sv\u00e5ra stunderna. Sv\u00e5rt&#8230;<\/p>\n","protected":false},"author":4,"featured_media":0,"parent":0,"menu_order":3,"comment_status":"closed","ping_status":"closed","template":"","meta":{"footnotes":""},"class_list":["post-1550","page","type-page","status-publish","hentry"],"_links":{"self":[{"href":"http:\/\/tronestam.nu\/levinuet\/wp-json\/wp\/v2\/pages\/1550","targetHints":{"allow":["GET"]}}],"collection":[{"href":"http:\/\/tronestam.nu\/levinuet\/wp-json\/wp\/v2\/pages"}],"about":[{"href":"http:\/\/tronestam.nu\/levinuet\/wp-json\/wp\/v2\/types\/page"}],"author":[{"embeddable":true,"href":"http:\/\/tronestam.nu\/levinuet\/wp-json\/wp\/v2\/users\/4"}],"replies":[{"embeddable":true,"href":"http:\/\/tronestam.nu\/levinuet\/wp-json\/wp\/v2\/comments?post=1550"}],"version-history":[{"count":2,"href":"http:\/\/tronestam.nu\/levinuet\/wp-json\/wp\/v2\/pages\/1550\/revisions"}],"predecessor-version":[{"id":4321,"href":"http:\/\/tronestam.nu\/levinuet\/wp-json\/wp\/v2\/pages\/1550\/revisions\/4321"}],"wp:attachment":[{"href":"http:\/\/tronestam.nu\/levinuet\/wp-json\/wp\/v2\/media?parent=1550"}],"curies":[{"name":"wp","href":"https:\/\/api.w.org\/{rel}","templated":true}]}}