{"id":2431,"date":"2014-09-14T21:51:56","date_gmt":"2014-09-14T19:51:56","guid":{"rendered":"http:\/\/www.levinuet.nu\/?page_id=56"},"modified":"2014-09-14T21:51:56","modified_gmt":"2014-09-14T19:51:56","slug":"igenkanning","status":"publish","type":"page","link":"http:\/\/tronestam.nu\/levinuet\/sorg\/igenkanning\/","title":{"rendered":"Igenk\u00e4nning"},"content":{"rendered":"<p>F\u00f6r min del var det viktigt att f\u00e5 kontakt p\u00e5 ett eller annat s\u00e4tt med m\u00e4nniskor som hade f\u00f6rlorat barn, b\u00e5de nyligen och f\u00f6r l\u00e4nge sedan. Jag var med i en mailinglista f\u00f6r f\u00f6r\u00e4ldrar som f\u00f6rlorat barn. D\u00e4r fanns alldeles f\u00f6r m\u00e5nga medlemmar d\u00e5 man ju inte ens vill att en s\u00e5dan mailinglista skall beh\u00f6va finnas. Men dessa f\u00f6r\u00e4ldrar delade med sig av sin sorg, sin sm\u00e4rta, tankar och hur deras liv s\u00e5g ut efter sorgen. De st\u00f6ttade varandra och jag kom snart in i gruppen som b\u00e5de mottagare av st\u00f6d och att jag kunde st\u00f6dja andra. Personligen tror jag att det \u00e4r v\u00e4ldigt viktigt att hitta m\u00e4nniskor som man kan identifiera sig lite med. Som man kan k\u00e4nna igen sig i. Som har upplevt det du har upplevt. Det \u00e4r viktigt och f\u00f6r min del var det nog en av de avg\u00f6rande faktorerna. D\u00e5 jag inte aktivt s\u00f6kte st\u00f6d hos professionella s\u00f6kte jag st\u00f6d och gav st\u00f6d tillsammans med m\u00e4nniskor (\u00f6ver internet i och f\u00f6r sig) som hade upplevt och \u00f6verlevt f\u00f6rlusten av ett barn. Det \u00e4r s\u00e5 olika vad man beh\u00f6ver och upplever \u00e4r b\u00e4st. N\u00e4r jag inte befann mig i soffl\u00e4ge s\u00e5 satt jag vid datorn och l\u00e4ste och besvarade mail &#8211; och\/eller skrev p\u00e5 minnessidan. Det tog tid, men jag beh\u00f6vde det. Jag hade l\u00e4ttare att skriva med m\u00e4nniskor som jag egentligen inte k\u00e4nde, men dom visste vad jag gick igenom \u00e4n att prata med personer jag k\u00e4nde v\u00e4l, om jag inte r\u00e4knar med A.<\/p>\n<p>Egentligen \u00e4r det v\u00e4l ganska fascinerande hur vi hittar v\u00e5ra egna \u00f6verlevnadsstrategier n\u00e4r ett trauma sl\u00e5r till, katastrofen blir sanning. Nu n\u00e4r jag sitter och skriver blir jag \u00e4ven fascinerad av att minnet verkar poppa upp med mer och mer.<\/p>\n","protected":false},"excerpt":{"rendered":"<p>F\u00f6r min del var det viktigt att f\u00e5 kontakt p\u00e5 ett eller annat s\u00e4tt med m\u00e4nniskor som hade f\u00f6rlorat barn, b\u00e5de nyligen och f\u00f6r l\u00e4nge sedan. Jag var med i en mailinglista f\u00f6r f\u00f6r\u00e4ldrar som f\u00f6rlorat barn. D\u00e4r fanns alldeles f\u00f6r m\u00e5nga medlemmar d\u00e5 man ju inte ens vill att&#8230;<\/p>\n","protected":false},"author":4,"featured_media":0,"parent":11,"menu_order":14,"comment_status":"open","ping_status":"open","template":"","meta":{"footnotes":""},"class_list":["post-2431","page","type-page","status-publish","hentry"],"_links":{"self":[{"href":"http:\/\/tronestam.nu\/levinuet\/wp-json\/wp\/v2\/pages\/2431","targetHints":{"allow":["GET"]}}],"collection":[{"href":"http:\/\/tronestam.nu\/levinuet\/wp-json\/wp\/v2\/pages"}],"about":[{"href":"http:\/\/tronestam.nu\/levinuet\/wp-json\/wp\/v2\/types\/page"}],"author":[{"embeddable":true,"href":"http:\/\/tronestam.nu\/levinuet\/wp-json\/wp\/v2\/users\/4"}],"replies":[{"embeddable":true,"href":"http:\/\/tronestam.nu\/levinuet\/wp-json\/wp\/v2\/comments?post=2431"}],"version-history":[{"count":0,"href":"http:\/\/tronestam.nu\/levinuet\/wp-json\/wp\/v2\/pages\/2431\/revisions"}],"up":[{"embeddable":true,"href":"http:\/\/tronestam.nu\/levinuet\/wp-json\/wp\/v2\/pages\/11"}],"wp:attachment":[{"href":"http:\/\/tronestam.nu\/levinuet\/wp-json\/wp\/v2\/media?parent=2431"}],"curies":[{"name":"wp","href":"https:\/\/api.w.org\/{rel}","templated":true}]}}