{"id":44,"date":"2014-09-14T21:44:29","date_gmt":"2014-09-14T19:44:29","guid":{"rendered":"http:\/\/www.levinuet.nu\/?page_id=44"},"modified":"2014-09-14T21:44:29","modified_gmt":"2014-09-14T19:44:29","slug":"samhorighet-stodja-andra-fa-stod","status":"publish","type":"page","link":"http:\/\/tronestam.nu\/levinuet\/sorg\/samhorighet-stodja-andra-fa-stod\/","title":{"rendered":"Samh\u00f6righet &#8211; st\u00f6dja andra &#8211; f\u00e5 st\u00f6d"},"content":{"rendered":"<p>En annan sak som blev oerh\u00f6rt viktig, var att hj\u00e4lpa och st\u00f6tta andra som befann sig i min situation. Via internet (som vanligt skriftv\u00e4gen) blev jag med i en mailinglista. Jag fick ocks\u00e5 kontakt med en f\u00f6rening som fungerade som st\u00f6d f\u00f6r f\u00f6r\u00e4ldrar som f\u00f6rlorat barn. Via mailinglistan kom jag i kontakt med andra som hade f\u00f6rlorat sina barn och som delade med sig av sin sorg. Jag st\u00f6ttade dem och de st\u00f6ttade mig. Vi hj\u00e4lpte varandra. F\u00f6reningen fick jag mer kontakt med under en tid, d\u00e5 n\u00e5gon hade sett den minnessida jag hade f\u00f6r Rasmus och fr\u00e5gade om jag kunde hj\u00e4lpa till med deras websida. Deras websida hade en minnessida, men den b\u00f6rjade till slut kr\u00e5ngla och det var inte ren html, s\u00e5 jag kunde inte r\u00e4dda den automatiska funktionen. D\u00e4rmed satt jag och gjorde minnessidor &#8211; sida f\u00f6r sida, f\u00f6r varje mailbest\u00e4llning som kom in &#8211; och det var fler \u00e4n man n\u00e5gonsin \u00f6nskar d\u00e5 en enda som beh\u00f6ver en minnessida f\u00f6r\u00a0sitt barn \u00e4r en f\u00f6r mycket\u00a0&#8211; f\u00f6r hand. Det k\u00e4ndes som att jag fyllde en funktion men till slut kom v\u00e4l min egen tr\u00f6tthet ikapp mig och jag sinkade efter. Det upph\u00f6rde till slut och det var nog bra f\u00f6r min egen \u00e5terh\u00e4mtnings skull.<\/p>\n<p>Jag gjorde det dock f\u00f6r att jag k\u00e4nde att jag \u00e5tminstone kunde g\u00f6ra n\u00e5got gott f\u00f6r de som f\u00f6rlorade barn efter mig. P\u00e5 ett s\u00e4tt trots mitt destruktiva s\u00e4tt att leva var det kanske det som \u00e4nd\u00e5 h\u00f6ll mig ig\u00e5ng. Men i slut\u00e4nden beh\u00f6ver man hj\u00e4lpa sig sj\u00e4lv f\u00f6r att orka hj\u00e4lpa andra. Men mitt m\u00e5l har \u00e4nd\u00e5 alltid best\u00e5tt: att hj\u00e4lpa andra &#8230; i olika sv\u00e5ra situationer \u00e4r n\u00e5got jag alltid velat g\u00f6ra, med insikten om att d\u00e5 m\u00e5ste man ha kunskap och man\u00a0b\u00f6r ha tagit sig igenom sina egna sv\u00e5rare erfarenheter (\u00e5tminstone de erfarenheter som liknar de personernas erfarenheter, som man vill hj\u00e4lpa).<\/p>\n<p>Jag tror att den samh\u00f6righetsk\u00e4nsla som jag fick med personer som ocks\u00e5 hade f\u00f6rlorat barn var viktig. F\u00f6r i det verkliga livet k\u00e4nde jag ingen som hade f\u00f6rlorat barn (vad jag vet). Jag k\u00e4nde mig oerh\u00f6rt ensam. Ensamhetsk\u00e4nslan \u00e4r inte s\u00e4rskilt bra att \u00e4lta ned sig i. Vi tenderar att dra oss till m\u00e4nniskor som delar v\u00e5ra upplevelser och jag var inte avvikande p\u00e5 den punkten. \u00c4ven detta skedde under f\u00f6rsta \u00e5ret. S\u00e5 lager p\u00e5 lager faller pusselbitarna p\u00e5 plats. Jag efterstr\u00e4vade att komma tillbaka till livet. Jag fick faktiskt mer st\u00f6d \u00e4n vad jag t\u00e4nkt p\u00e5. Tack och lov f\u00f6r det!<\/p>\n","protected":false},"excerpt":{"rendered":"<p>En annan sak som blev oerh\u00f6rt viktig, var att hj\u00e4lpa och st\u00f6tta andra som befann sig i min situation. Via internet (som vanligt skriftv\u00e4gen) blev jag med i en mailinglista. Jag fick ocks\u00e5 kontakt med en f\u00f6rening som fungerade som st\u00f6d f\u00f6r f\u00f6r\u00e4ldrar som f\u00f6rlorat barn. Via mailinglistan kom jag&#8230;<\/p>\n","protected":false},"author":4,"featured_media":0,"parent":11,"menu_order":9,"comment_status":"open","ping_status":"open","template":"","meta":{"footnotes":""},"class_list":["post-44","page","type-page","status-publish","hentry"],"_links":{"self":[{"href":"http:\/\/tronestam.nu\/levinuet\/wp-json\/wp\/v2\/pages\/44","targetHints":{"allow":["GET"]}}],"collection":[{"href":"http:\/\/tronestam.nu\/levinuet\/wp-json\/wp\/v2\/pages"}],"about":[{"href":"http:\/\/tronestam.nu\/levinuet\/wp-json\/wp\/v2\/types\/page"}],"author":[{"embeddable":true,"href":"http:\/\/tronestam.nu\/levinuet\/wp-json\/wp\/v2\/users\/4"}],"replies":[{"embeddable":true,"href":"http:\/\/tronestam.nu\/levinuet\/wp-json\/wp\/v2\/comments?post=44"}],"version-history":[{"count":0,"href":"http:\/\/tronestam.nu\/levinuet\/wp-json\/wp\/v2\/pages\/44\/revisions"}],"up":[{"embeddable":true,"href":"http:\/\/tronestam.nu\/levinuet\/wp-json\/wp\/v2\/pages\/11"}],"wp:attachment":[{"href":"http:\/\/tronestam.nu\/levinuet\/wp-json\/wp\/v2\/media?parent=44"}],"curies":[{"name":"wp","href":"https:\/\/api.w.org\/{rel}","templated":true}]}}